{"id":6959,"date":"2022-11-03T15:52:23","date_gmt":"2022-11-03T15:52:23","guid":{"rendered":"https:\/\/hopeful-payne.82-165-171-139.plesk.page\/aviso-legal\/"},"modified":"2024-05-17T12:43:19","modified_gmt":"2024-05-17T12:43:19","slug":"aviso-legal","status":"publish","type":"page","link":"https:\/\/hopeful-payne.82-165-171-139.plesk.page\/pt-pt\/aviso-legal\/","title":{"rendered":"Aviso Legal"},"content":{"rendered":"<p>[et_pb_section fb_built=&#8221;1&#8243; _builder_version=&#8221;4.18.0&#8243; custom_padding=&#8221;4px|||||&#8221; animation_style=&#8221;slide&#8221; animation_direction=&#8221;bottom&#8221; global_colors_info=&#8221;{}&#8221;][et_pb_row _builder_version=&#8221;4.18.0&#8243; background_size=&#8221;initial&#8221; background_position=&#8221;top_left&#8221; background_repeat=&#8221;repeat&#8221; max_width=&#8221;80%&#8221; global_colors_info=&#8221;{}&#8221;][et_pb_column type=&#8221;4_4&#8243; _builder_version=&#8221;4.16&#8243; custom_padding=&#8221;|||&#8221; global_colors_info=&#8221;{}&#8221; custom_padding__hover=&#8221;|||&#8221;][et_pb_text _builder_version=&#8221;4.18.0&#8243; _module_preset=&#8221;c3c1179e-80e4-4396-b700-51b845e1c46f&#8221; header_2_font=&#8221;Maven Pro|800|||||||&#8221; header_2_text_align=&#8221;center&#8221; header_2_text_color=&#8221;#263238&#8243; header_2_font_size=&#8221;60px&#8221; header_2_letter_spacing=&#8221;1px&#8221; header_2_line_height=&#8221;1.2em&#8221; custom_margin=&#8221;||10px||false|false&#8221; header_2_font_size_tablet=&#8221;40px&#8221; header_2_font_size_phone=&#8221;&#8221; header_2_font_size_last_edited=&#8221;on|tablet&#8221; locked=&#8221;off&#8221; global_colors_info=&#8221;{}&#8221;]<\/p>\n<h2>Aviso legal<\/h2>\n<p>[\/et_pb_text][et_pb_text _builder_version=&#8221;4.20.2&#8243; text_font_size=&#8221;18px&#8221; text_line_height=&#8221;1.8em&#8221; background_size=&#8221;initial&#8221; background_position=&#8221;top_left&#8221; background_repeat=&#8221;repeat&#8221; hover_enabled=&#8221;0&#8243; text_font_size_tablet=&#8221;15px&#8221; text_font_size_phone=&#8221;15px&#8221; text_font_size_last_edited=&#8221;on|phone&#8221; text_line_height_tablet=&#8221;1.5em&#8221; text_line_height_phone=&#8221;1.5em&#8221; text_line_height_last_edited=&#8221;on|tablet&#8221; global_colors_info=&#8221;{}&#8221; sticky_enabled=&#8221;0&#8243;]<\/p>\n<p><strong>REMACHES TUDELA, S.L.<\/strong>, respons\u00e1vel pelo s\u00edtio web, doravante RESPONS\u00c1VEL, coloca \u00e0 disposi\u00e7\u00e3o dos utilizadores o presente documento, com o qual pretende cumprir as obriga\u00e7\u00f5es estabelecidas na Lei 34\/2002, de 11 de julho, de Servi\u00e7os da Sociedade da Informa\u00e7\u00e3o e do Com\u00e9rcio Eletr\u00f3nico (LSSICE), BOE n.\u00ba 166, bem como informar todos os utilizadores do s\u00edtio web sobre as condi\u00e7\u00f5es de utiliza\u00e7\u00e3o.<\/p>\n<p>Qualquer pessoa que aceda a este s\u00edtio Web assume o papel de utilizador, comprometendo-se a observar e a cumprir rigorosamente as disposi\u00e7\u00f5es aqui contidas, bem como quaisquer outras disposi\u00e7\u00f5es legais que possam ser aplic\u00e1veis.<\/p>\n<p>REMACHES TUDELA, S.L. reserva-se o direito de modificar qualquer tipo de informa\u00e7\u00e3o que possa aparecer no s\u00edtio Web, sem obriga\u00e7\u00e3o de aviso pr\u00e9vio nem de informar os utilizadores das referidas obriga\u00e7\u00f5es, entendendo-se como suficiente a publica\u00e7\u00e3o no s\u00edtio Web da REMACHES TUDELA, S.L.<\/p>\n<p>&nbsp;<\/p>\n<p><strong>1. DADOS DE IDENTIFICA\u00c7\u00c3O<\/strong><\/p>\n<p>Nome da empresa: REMACHES TUDELA, S.L. NIF: B71052435<\/p>\n<p>Endere\u00e7o: Poligono Industrial Las Labradas Calle Cantarbia, Naves 14.8 y 14.9 &#8211; 31500 Tudela (Navarra) Domicilio postal: Apartado de Correos 31 &#8211; 31500 Tudela (Navarra)<\/p>\n<p>Telefone: 948827121<\/p>\n<p>e-mail: <a href=\"mailto:info@hopeful-payne.82-165-171-139.plesk.page\">info@hopeful-payne.82-165-171-139.plesk.page<\/a><\/p>\n<p>Registado no Mercantil de Navarra Tomo 1544 , Folio 1, Secci\u00f3n 8, Hoja NA-30667<\/p>\n<p>&nbsp;<\/p>\n<p><strong>2. PROTEC\u00c7\u00c3O DOS DADOS PESSOAIS<\/strong><\/p>\n<p>O RESPONS\u00c1VEL est\u00e1 profundamente empenhado no cumprimento da regulamenta\u00e7\u00e3o em vigor em mat\u00e9ria de prote\u00e7\u00e3o de dados pessoais e garante o pleno cumprimento das obriga\u00e7\u00f5es nela previstas, bem como a aplica\u00e7\u00e3o das medidas de seguran\u00e7a necess\u00e1rias.<\/p>\n<p>Para mais informa\u00e7\u00f5es sobre o tratamento de dados pessoais, consulte a nossa <b><a href=\"https:\/\/hopeful-payne.82-165-171-139.plesk.page\/en\/politica-privacidad\/\">Pol\u00edtica de Privacidade. <\/a><\/b><\/p>\n<p>&nbsp;<\/p>\n<p><strong>3. UTILIZA\u00c7\u00c3O DE COOKIES<\/strong><\/p>\n<p>Este s\u00edtio Web pode utilizar cookies e outras tecnologias semelhantes, como objectos locais partilhados, flash cookies ou pixels, que s\u00e3o pequenos ficheiros que algumas plataformas, como as p\u00e1ginas Web, podem instalar no equipamento do utilizador (computador, tablet, smartphone, etc.).<\/p>\n<p>As suas fun\u00e7\u00f5es podem ser muito variadas: armazenar as prefer\u00eancias de navega\u00e7\u00e3o, compilar informa\u00e7\u00f5es estat\u00edsticas, permitir certas funcionalidades t\u00e9cnicas, armazenar informa\u00e7\u00f5es sobre os h\u00e1bitos de navega\u00e7\u00e3o do utilizador ou sobre o seu equipamento, etc.<\/p>\n<p>O utilizador tem a possibilidade de configurar o seu navegador para ser avisado da rece\u00e7\u00e3o de cookies e para impedir a sua instala\u00e7\u00e3o no seu equipamento. Para mais informa\u00e7\u00f5es, consulte as instru\u00e7\u00f5es do seu browser.<\/p>\n<p>Para mais informa\u00e7\u00f5es sobre cookies, consulte a nossa <b><a href=\"https:\/\/hopeful-payne.82-165-171-139.plesk.page\/politica-de-cookies\/\">Pol\u00edtica de Cookies. <\/a><\/b><\/p>\n<p>&nbsp;<\/p>\n<p><strong>4. DIREITOS DE PROPRIEDADE INTELECTUAL E INDUSTRIAL<\/strong><\/p>\n<p>O s\u00edtio Web, incluindo, a t\u00edtulo enunciativo mas n\u00e3o limitativo, a sua programa\u00e7\u00e3o, edi\u00e7\u00e3o, compila\u00e7\u00e3o e outros elementos necess\u00e1rios para o seu funcionamento, desenhos, log\u00f3tipos, textos e\/ou gr\u00e1ficos, s\u00e3o propriedade do RESPONS\u00c1VEL ou, se for o caso, disp\u00f5e de licen\u00e7a ou autoriza\u00e7\u00e3o expressa dos autores. Todos os conte\u00fados do s\u00edtio Web est\u00e3o devidamente protegidos pelas normas de propriedade intelectual e industrial, bem como inscritos nos registos p\u00fablicos correspondentes.<\/p>\n<p>Independentemente do fim a que se destinam, a reprodu\u00e7\u00e3o, utiliza\u00e7\u00e3o, explora\u00e7\u00e3o, distribui\u00e7\u00e3o e comercializa\u00e7\u00e3o, total ou parcial, requer, em qualquer caso, a autoriza\u00e7\u00e3o pr\u00e9via por escrito do RESPONS\u00c1VEL. Qualquer utiliza\u00e7\u00e3o n\u00e3o autorizada \u00e9 considerada uma viola\u00e7\u00e3o grave dos direitos de propriedade intelectual ou industrial do autor.<\/p>\n<p>Os desenhos, log\u00f3tipos, textos e\/ou gr\u00e1ficos que n\u00e3o perten\u00e7am ao RESPONS\u00c1VEL e que possam aparecer no s\u00edtio Web pertencem aos seus respectivos propriet\u00e1rios, que s\u00e3o eles pr\u00f3prios respons\u00e1veis por qualquer poss\u00edvel controv\u00e9rsia que possa surgir em rela\u00e7\u00e3o aos mesmos. O RESPONS\u00c1VEL autoriza expressamente que terceiros redireccionem diretamente para os conte\u00fados espec\u00edficos do s\u00edtio Web e, em qualquer caso, que redireccionem para o s\u00edtio principal remachestudela.com\/..<\/p>\n<p>O RESPONS\u00c1VEL reconhece os correspondentes direitos de propriedade intelectual e industrial a favor dos seus titulares, pelo que a sua simples men\u00e7\u00e3o ou apari\u00e7\u00e3o no s\u00edtio Web n\u00e3o implica a exist\u00eancia de quaisquer direitos ou responsabilidades sobre os mesmos, nem o seu aval, patroc\u00ednio ou recomenda\u00e7\u00e3o por parte do mesmo. Para fazer qualquer coment\u00e1rio sobre poss\u00edveis viola\u00e7\u00f5es dos direitos de propriedade intelectual ou industrial, bem como sobre qualquer conte\u00fado do s\u00edtio Web, pode faz\u00ea-lo enviando uma mensagem de correio eletr\u00f3nico para <a href=\"mailto:info@hopeful-payne.82-165-171-139.plesk.page\">info@hopeful-payne.82-165-171-139.plesk.page. <\/a><\/p>\n<p>&nbsp;<\/p>\n<p><strong>5. RESPONSABILIDADE PELO CONTE\u00daDO<\/strong><\/p>\n<p>O RESPONS\u00c1VEL n\u00e3o se responsabiliza pelas informa\u00e7\u00f5es e conte\u00fados armazenados, a t\u00edtulo enunciativo mas n\u00e3o limitativo, em f\u00f3runs, chats, geradores de blogues, coment\u00e1rios, redes sociais ou qualquer outro meio que permita a terceiros publicar conte\u00fados de forma independente no s\u00edtio Web do RESPONS\u00c1VEL. No entanto, e em conformidade com o disposto nos artigos 11\u00ba e 16\u00ba da LSSICE, coloca-se \u00e0 disposi\u00e7\u00e3o de todos os utilizadores, autoridades e for\u00e7as de seguran\u00e7a, colaborando ativamente na remo\u00e7\u00e3o ou, se for caso disso, no bloqueio de todos os conte\u00fados que possam afetar ou violar a legisla\u00e7\u00e3o nacional ou internacional, os direitos de terceiros ou a moral e a ordem p\u00fablica. No caso de o utilizador considerar que existe algum conte\u00fado no s\u00edtio Web que possa ser suscet\u00edvel de ser classificado como tal, deve informar imediatamente o RESPONS\u00c1VEL.<\/p>\n<p>O RESPONS\u00c1VEL reserva-se o direito de efetuar altera\u00e7\u00f5es no s\u00edtio Web sem aviso pr\u00e9vio, com o objetivo de manter actualizada a sua informa\u00e7\u00e3o, acrescentando, modificando, corrigindo ou eliminando os conte\u00fados publicados ou o design do portal.<\/p>\n<p>O RESPONS\u00c1VEL n\u00e3o se responsabiliza pela utiliza\u00e7\u00e3o que terceiros fa\u00e7am da informa\u00e7\u00e3o publicada no portal, nem pelos danos sofridos ou preju\u00edzos econ\u00f3micos que, direta ou indiretamente, produzam ou possam produzir danos econ\u00f3micos, materiais ou de dados, causados pela utiliza\u00e7\u00e3o da referida informa\u00e7\u00e3o.<\/p>\n<p>&nbsp;<\/p>\n<p><strong>6. POL\u00cdTICA DE LIGA\u00c7\u00c3O<\/strong><\/p>\n<p>A partir do s\u00edtio Web, o utilizador pode ser redireccionado para conte\u00fados de s\u00edtios Web de terceiros. Dado que o RESPONS\u00c1VEL nem sempre pode controlar os conte\u00fados publicados por terceiros nos seus respectivos s\u00edtios Web, o RESPONS\u00c1VEL n\u00e3o assume qualquer responsabilidade por esses conte\u00fados. Em qualquer caso, eliminar\u00e1 imediatamente qualquer conte\u00fado que possa violar a legisla\u00e7\u00e3o nacional ou internacional, a moral ou a ordem p\u00fablica, removendo imediatamente o redireccionamento para o referido s\u00edtio Web e informando as autoridades competentes do conte\u00fado em quest\u00e3o.<\/p>\n<p>&nbsp;<\/p>\n<p><strong>7. ISEN\u00c7\u00c3O DE RESPONSABILIDADE<\/strong><\/p>\n<p>O RESPONS\u00c1VEL declina qualquer responsabilidade pelas informa\u00e7\u00f5es publicadas no seu s\u00edtio Web, desde que essas informa\u00e7\u00f5es tenham sido manipuladas ou introduzidas por um terceiro externo ao mesmo.<\/p>\n<p>&nbsp;<\/p>\n<p><strong>8. ENDERE\u00c7OS IP<\/strong><\/p>\n<p>Os servidores do s\u00edtio Web podem detetar automaticamente o endere\u00e7o IP e o nome de dom\u00ednio utilizados pelo utilizador. Um endere\u00e7o IP \u00e9 um n\u00famero atribu\u00eddo automaticamente a um computador quando este se liga \u00e0 Internet. Todas estas informa\u00e7\u00f5es s\u00e3o registadas num ficheiro de atividade do servidor que permite o tratamento posterior dos dados para obter medi\u00e7\u00f5es puramente estat\u00edsticas que nos permitem conhecer o n\u00famero de impress\u00f5es de p\u00e1ginas, o n\u00famero de visitas efectuadas aos servidores Web, a ordem das visitas, o ponto de acesso, etc.<\/p>\n<p>&nbsp;<\/p>\n<p><strong>9. DIREITO APLIC\u00c1VEL E JURISDI\u00c7\u00c3O<\/strong><\/p>\n<p>A lei aplic\u00e1vel em caso de lit\u00edgio ou conflito de interpreta\u00e7\u00e3o das condi\u00e7\u00f5es que comp\u00f5em o presente aviso legal, bem como de qualquer quest\u00e3o relacionada com os servi\u00e7os deste portal, ser\u00e1 a lei espanhola.<\/p>\n<p>Qualquer lit\u00edgio que possa surgir entre o RESPONS\u00c1VEL e os utilizadores do S\u00edtio Web ser\u00e1 resolvido, com ren\u00fancia expressa das Partes \u00e0 sua pr\u00f3pria jurisdi\u00e7\u00e3o, pelos Tribunais mais pr\u00f3ximos de Tudela.<\/p>\n<p>Si el usuario es un consumidor, nada de la presente cl\u00e1usula afectar\u00e1 a los derechos que como tal le reconoce la Ley General para la Defensa de Consumidores y Usuarios.<\/p>\n<p>&nbsp;<\/p>\n<p><!-- \/divi:paragraph --><\/p>\n<p>[\/et_pb_text][\/et_pb_column][\/et_pb_row][\/et_pb_section]<\/p>\n","protected":false},"excerpt":{"rendered":"<p>Aviso legalREMACHES TUDELA, S.L., respons\u00e1vel pelo s\u00edtio web, doravante RESPONS\u00c1VEL, coloca \u00e0 disposi\u00e7\u00e3o dos utilizadores o presente documento, com o qual pretende cumprir as obriga\u00e7\u00f5es estabelecidas na Lei 34\/2002, de 11 de julho, de Servi\u00e7os da Sociedade da Informa\u00e7\u00e3o e do Com\u00e9rcio Eletr\u00f3nico (LSSICE), BOE n.\u00ba 166, bem como informar todos os utilizadores do s\u00edtio [&hellip;]<\/p>\n","protected":false},"author":3,"featured_media":0,"parent":0,"menu_order":0,"comment_status":"closed","ping_status":"open","template":"","meta":{"_et_pb_use_builder":"on","_et_pb_old_content":"","_et_gb_content_width":"","content-type":"","inline_featured_image":false,"footnotes":""},"class_list":["post-6959","page","type-page","status-publish","hentry"],"rankMath":{"parentDomain":"82-165-171-139.plesk.page","noFollowDomains":[],"noFollowExcludeDomains":[],"noFollowExternalLinks":false,"featuredImageNotice":"The featured image should be at least 200 by 200 pixels to be picked up by Facebook and other social media sites.","pluginReviewed":false,"postSettings":{"linkSuggestions":true,"useFocusKeyword":false},"frontEndScore":false,"postName":"aviso-legal","permalinkFormat":"https:\/\/hopeful-payne.82-165-171-139.plesk.page\/pt-pt\/%pagename%\/","showLockModifiedDate":true,"assessor":{"focusKeywordLink":"https:\/\/hopeful-payne.82-165-171-139.plesk.page\/wp-admin\/edit.php?focus_keyword=%focus_keyword%&post_type=%post_type%","hasTOCPlugin":false,"primaryTaxonomy":false,"serpData":{"title":"","description":"","focusKeywords":"Aviso Legal","pillarContent":false,"canonicalUrl":"","breadcrumbTitle":"","advancedRobots":[],"facebookTitle":"","facebookDescription":"","facebookImage":"","facebookImageID":"","facebookHasOverlay":false,"facebookImageOverlay":"","facebookAuthor":"","twitterCardType":"","twitterUseFacebook":true,"twitterTitle":"","twitterDescription":"","twitterImage":"","twitterImageID":"","twitterHasOverlay":false,"twitterImageOverlay":"","twitterPlayerUrl":"","twitterPlayerSize":"","twitterPlayerStream":"","twitterPlayerStreamCtype":"","twitterAppDescription":"","twitterAppIphoneName":"","twitterAppIphoneID":"","twitterAppIphoneUrl":"","twitterAppIpadName":"","twitterAppIpadID":"","twitterAppIpadUrl":"","twitterAppGoogleplayName":"","twitterAppGoogleplayID":"","twitterAppGoogleplayUrl":"","twitterAppCountry":"","robots":{"index":true},"twitterAuthor":"username","primaryTerm":0,"authorName":"Isaac Ciordia","titleTemplate":"%title% %sep% %sitename%","descriptionTemplate":"%excerpt%","showScoreFrontend":true,"lockModifiedDate":false},"powerWords":[],"diacritics":{"A":"[\\u0041\\u24B6\\uFF21\\u00C0\\u00C1\\u00C2\\u1EA6\\u1EA4\\u1EAA\\u1EA8\\u00C3\\u0100\\u0102\\u1EB0\\u1EAE\\u1EB4\\u1EB2\\u0226\\u01E0\\u00C4\\u01DE\\u1EA2\\u00C5\\u01FA\\u01CD\\u0200\\u0202\\u1EA0\\u1EAC\\u1EB6\\u1E00\\u0104\\u023A\\u2C6F]","AA":"[\\uA732]","AE":"[\\u00C6\\u01FC\\u01E2]","AO":"[\\uA734]","AU":"[\\uA736]","AV":"[\\uA738\\uA73A]","AY":"[\\uA73C]","B":"[\\u0042\\u24B7\\uFF22\\u1E02\\u1E04\\u1E06\\u0243\\u0182\\u0181]","C":"[\\u0043\\u24B8\\uFF23\\u0106\\u0108\\u010A\\u010C\\u00C7\\u1E08\\u0187\\u023B\\uA73E]","D":"[\\u0044\\u24B9\\uFF24\\u1E0A\\u010E\\u1E0C\\u1E10\\u1E12\\u1E0E\\u0110\\u018B\\u018A\\u0189\\uA779]","DZ":"[\\u01F1\\u01C4]","Dz":"[\\u01F2\\u01C5]","E":"[\\u0045\\u24BA\\uFF25\\u00C8\\u00C9\\u00CA\\u1EC0\\u1EBE\\u1EC4\\u1EC2\\u1EBC\\u0112\\u1E14\\u1E16\\u0114\\u0116\\u00CB\\u1EBA\\u011A\\u0204\\u0206\\u1EB8\\u1EC6\\u0228\\u1E1C\\u0118\\u1E18\\u1E1A\\u0190\\u018E]","F":"[\\u0046\\u24BB\\uFF26\\u1E1E\\u0191\\uA77B]","G":"[\\u0047\\u24BC\\uFF27\\u01F4\\u011C\\u1E20\\u011E\\u0120\\u01E6\\u0122\\u01E4\\u0193\\uA7A0\\uA77D\\uA77E]","H":"[\\u0048\\u24BD\\uFF28\\u0124\\u1E22\\u1E26\\u021E\\u1E24\\u1E28\\u1E2A\\u0126\\u2C67\\u2C75\\uA78D]","I":"[\\u0049\\u24BE\\uFF29\\u00CC\\u00CD\\u00CE\\u0128\\u012A\\u012C\\u0130\\u00CF\\u1E2E\\u1EC8\\u01CF\\u0208\\u020A\\u1ECA\\u012E\\u1E2C\\u0197]","J":"[\\u004A\\u24BF\\uFF2A\\u0134\\u0248]","K":"[\\u004B\\u24C0\\uFF2B\\u1E30\\u01E8\\u1E32\\u0136\\u1E34\\u0198\\u2C69\\uA740\\uA742\\uA744\\uA7A2]","L":"[\\u004C\\u24C1\\uFF2C\\u013F\\u0139\\u013D\\u1E36\\u1E38\\u013B\\u1E3C\\u1E3A\\u0141\\u023D\\u2C62\\u2C60\\uA748\\uA746\\uA780]","LJ":"[\\u01C7]","Lj":"[\\u01C8]","M":"[\\u004D\\u24C2\\uFF2D\\u1E3E\\u1E40\\u1E42\\u2C6E\\u019C]","N":"[\\u004E\\u24C3\\uFF2E\\u01F8\\u0143\\u00D1\\u1E44\\u0147\\u1E46\\u0145\\u1E4A\\u1E48\\u0220\\u019D\\uA790\\uA7A4]","NJ":"[\\u01CA]","Nj":"[\\u01CB]","O":"[\\u004F\\u24C4\\uFF2F\\u00D2\\u00D3\\u00D4\\u1ED2\\u1ED0\\u1ED6\\u1ED4\\u00D5\\u1E4C\\u022C\\u1E4E\\u014C\\u1E50\\u1E52\\u014E\\u022E\\u0230\\u00D6\\u022A\\u1ECE\\u0150\\u01D1\\u020C\\u020E\\u01A0\\u1EDC\\u1EDA\\u1EE0\\u1EDE\\u1EE2\\u1ECC\\u1ED8\\u01EA\\u01EC\\u00D8\\u01FE\\u0186\\u019F\\uA74A\\uA74C]","OI":"[\\u01A2]","OO":"[\\uA74E]","OU":"[\\u0222]","P":"[\\u0050\\u24C5\\uFF30\\u1E54\\u1E56\\u01A4\\u2C63\\uA750\\uA752\\uA754]","Q":"[\\u0051\\u24C6\\uFF31\\uA756\\uA758\\u024A]","R":"[\\u0052\\u24C7\\uFF32\\u0154\\u1E58\\u0158\\u0210\\u0212\\u1E5A\\u1E5C\\u0156\\u1E5E\\u024C\\u2C64\\uA75A\\uA7A6\\uA782]","S":"[\\u0053\\u24C8\\uFF33\\u1E9E\\u015A\\u1E64\\u015C\\u1E60\\u0160\\u1E66\\u1E62\\u1E68\\u0218\\u015E\\u2C7E\\uA7A8\\uA784]","T":"[\\u0054\\u24C9\\uFF34\\u1E6A\\u0164\\u1E6C\\u021A\\u0162\\u1E70\\u1E6E\\u0166\\u01AC\\u01AE\\u023E\\uA786]","TZ":"[\\uA728]","U":"[\\u0055\\u24CA\\uFF35\\u00D9\\u00DA\\u00DB\\u0168\\u1E78\\u016A\\u1E7A\\u016C\\u00DC\\u01DB\\u01D7\\u01D5\\u01D9\\u1EE6\\u016E\\u0170\\u01D3\\u0214\\u0216\\u01AF\\u1EEA\\u1EE8\\u1EEE\\u1EEC\\u1EF0\\u1EE4\\u1E72\\u0172\\u1E76\\u1E74\\u0244]","V":"[\\u0056\\u24CB\\uFF36\\u1E7C\\u1E7E\\u01B2\\uA75E\\u0245]","VY":"[\\uA760]","W":"[\\u0057\\u24CC\\uFF37\\u1E80\\u1E82\\u0174\\u1E86\\u1E84\\u1E88\\u2C72]","X":"[\\u0058\\u24CD\\uFF38\\u1E8A\\u1E8C]","Y":"[\\u0059\\u24CE\\uFF39\\u1EF2\\u00DD\\u0176\\u1EF8\\u0232\\u1E8E\\u0178\\u1EF6\\u1EF4\\u01B3\\u024E\\u1EFE]","Z":"[\\u005A\\u24CF\\uFF3A\\u0179\\u1E90\\u017B\\u017D\\u1E92\\u1E94\\u01B5\\u0224\\u2C7F\\u2C6B\\uA762]","a":"[\\u0061\\u24D0\\uFF41\\u1E9A\\u00E0\\u00E1\\u00E2\\u1EA7\\u1EA5\\u1EAB\\u1EA9\\u00E3\\u0101\\u0103\\u1EB1\\u1EAF\\u1EB5\\u1EB3\\u0227\\u01E1\\u00E4\\u01DF\\u1EA3\\u00E5\\u01FB\\u01CE\\u0201\\u0203\\u1EA1\\u1EAD\\u1EB7\\u1E01\\u0105\\u2C65\\u0250]","aa":"[\\uA733]","ae":"[\\u00E6\\u01FD\\u01E3]","ao":"[\\uA735]","au":"[\\uA737]","av":"[\\uA739\\uA73B]","ay":"[\\uA73D]","b":"[\\u0062\\u24D1\\uFF42\\u1E03\\u1E05\\u1E07\\u0180\\u0183\\u0253]","c":"[\\u0063\\u24D2\\uFF43\\u0107\\u0109\\u010B\\u010D\\u00E7\\u1E09\\u0188\\u023C\\uA73F\\u2184]","d":"[\\u0064\\u24D3\\uFF44\\u1E0B\\u010F\\u1E0D\\u1E11\\u1E13\\u1E0F\\u0111\\u018C\\u0256\\u0257\\uA77A]","dz":"[\\u01F3\\u01C6]","e":"[\\u0065\\u24D4\\uFF45\\u00E8\\u00E9\\u00EA\\u1EC1\\u1EBF\\u1EC5\\u1EC3\\u1EBD\\u0113\\u1E15\\u1E17\\u0115\\u0117\\u00EB\\u1EBB\\u011B\\u0205\\u0207\\u1EB9\\u1EC7\\u0229\\u1E1D\\u0119\\u1E19\\u1E1B\\u0247\\u025B\\u01DD]","f":"[\\u0066\\u24D5\\uFF46\\u1E1F\\u0192\\uA77C]","g":"[\\u0067\\u24D6\\uFF47\\u01F5\\u011D\\u1E21\\u011F\\u0121\\u01E7\\u0123\\u01E5\\u0260\\uA7A1\\u1D79\\uA77F]","h":"[\\u0068\\u24D7\\uFF48\\u0125\\u1E23\\u1E27\\u021F\\u1E25\\u1E29\\u1E2B\\u1E96\\u0127\\u2C68\\u2C76\\u0265]","hv":"[\\u0195]","i":"[\\u0069\\u24D8\\uFF49\\u00EC\\u00ED\\u00EE\\u0129\\u012B\\u012D\\u00EF\\u1E2F\\u1EC9\\u01D0\\u0209\\u020B\\u1ECB\\u012F\\u1E2D\\u0268\\u0131]","j":"[\\u006A\\u24D9\\uFF4A\\u0135\\u01F0\\u0249]","k":"[\\u006B\\u24DA\\uFF4B\\u1E31\\u01E9\\u1E33\\u0137\\u1E35\\u0199\\u2C6A\\uA741\\uA743\\uA745\\uA7A3]","l":"[\\u006C\\u24DB\\uFF4C\\u0140\\u013A\\u013E\\u1E37\\u1E39\\u013C\\u1E3D\\u1E3B\\u017F\\u0142\\u019A\\u026B\\u2C61\\uA749\\uA781\\uA747]","lj":"[\\u01C9]","m":"[\\u006D\\u24DC\\uFF4D\\u1E3F\\u1E41\\u1E43\\u0271\\u026F]","n":"[\\u006E\\u24DD\\uFF4E\\u01F9\\u0144\\u00F1\\u1E45\\u0148\\u1E47\\u0146\\u1E4B\\u1E49\\u019E\\u0272\\u0149\\uA791\\uA7A5]","nj":"[\\u01CC]","o":"[\\u006F\\u24DE\\uFF4F\\u00F2\\u00F3\\u00F4\\u1ED3\\u1ED1\\u1ED7\\u1ED5\\u00F5\\u1E4D\\u022D\\u1E4F\\u014D\\u1E51\\u1E53\\u014F\\u022F\\u0231\\u00F6\\u022B\\u1ECF\\u0151\\u01D2\\u020D\\u020F\\u01A1\\u1EDD\\u1EDB\\u1EE1\\u1EDF\\u1EE3\\u1ECD\\u1ED9\\u01EB\\u01ED\\u00F8\\u01FF\\u0254\\uA74B\\uA74D\\u0275]","oi":"[\\u01A3]","ou":"[\\u0223]","oo":"[\\uA74F]","p":"[\\u0070\\u24DF\\uFF50\\u1E55\\u1E57\\u01A5\\u1D7D\\uA751\\uA753\\uA755]","q":"[\\u0071\\u24E0\\uFF51\\u024B\\uA757\\uA759]","r":"[\\u0072\\u24E1\\uFF52\\u0155\\u1E59\\u0159\\u0211\\u0213\\u1E5B\\u1E5D\\u0157\\u1E5F\\u024D\\u027D\\uA75B\\uA7A7\\uA783]","s":"[\\u0073\\u24E2\\uFF53\\u015B\\u1E65\\u015D\\u1E61\\u0161\\u1E67\\u1E63\\u1E69\\u0219\\u015F\\u023F\\uA7A9\\uA785\\u1E9B]","ss":"[\\u00DF]","t":"[\\u0074\\u24E3\\uFF54\\u1E6B\\u1E97\\u0165\\u1E6D\\u021B\\u0163\\u1E71\\u1E6F\\u0167\\u01AD\\u0288\\u2C66\\uA787]","tz":"[\\uA729]","u":"[\\u0075\\u24E4\\uFF55\\u00F9\\u00FA\\u00FB\\u0169\\u1E79\\u016B\\u1E7B\\u016D\\u00FC\\u01DC\\u01D8\\u01D6\\u01DA\\u1EE7\\u016F\\u0171\\u01D4\\u0215\\u0217\\u01B0\\u1EEB\\u1EE9\\u1EEF\\u1EED\\u1EF1\\u1EE5\\u1E73\\u0173\\u1E77\\u1E75\\u0289]","v":"[\\u0076\\u24E5\\uFF56\\u1E7D\\u1E7F\\u028B\\uA75F\\u028C]","vy":"[\\uA761]","w":"[\\u0077\\u24E6\\uFF57\\u1E81\\u1E83\\u0175\\u1E87\\u1E85\\u1E98\\u1E89\\u2C73]","x":"[\\u0078\\u24E7\\uFF58\\u1E8B\\u1E8D]","y":"[\\u0079\\u24E8\\uFF59\\u1EF3\\u00FD\\u0177\\u1EF9\\u0233\\u1E8F\\u00FF\\u1EF7\\u1E99\\u1EF5\\u01B4\\u024F\\u1EFF]","z":"[\\u007A\\u24E9\\uFF5A\\u017A\\u1E91\\u017C\\u017E\\u1E93\\u1E95\\u01B6\\u0225\\u0240\\u2C6C\\uA763]"},"researchesTests":["contentHasTOC","contentHasShortParagraphs","contentHasAssets","keywordInTitle","keywordInMetaDescription","keywordInPermalink","keywordIn10Percent","keywordInContent","keywordInSubheadings","keywordInImageAlt","keywordDensity","keywordNotUsed","lengthContent","lengthPermalink","linksHasInternal","linksHasExternals","linksNotAllExternals","titleStartWithKeyword","titleSentiment","titleHasPowerWords","titleHasNumber","hasContentAI"],"hasRedirection":false,"hasBreadcrumb":true},"homeUrl":"https:\/\/hopeful-payne.82-165-171-139.plesk.page\/pt-pt\/","objectID":6959,"objectType":"post","locale":"pt","localeFull":"pt_PT","overlayImages":{"play":{"name":"Play icon","url":"https:\/\/hopeful-payne.82-165-171-139.plesk.page\/wp-content\/plugins\/seo-by-rank-math\/assets\/admin\/img\/icon-play.png","path":"\/var\/www\/vhosts\/hopeful-payne.82-165-171-139.plesk.page\/httpdocs\/wp-content\/plugins\/seo-by-rank-math\/assets\/admin\/img\/icon-play.png","position":"middle_center"},"gif":{"name":"GIF icon","url":"https:\/\/hopeful-payne.82-165-171-139.plesk.page\/wp-content\/plugins\/seo-by-rank-math\/assets\/admin\/img\/icon-gif.png","path":"\/var\/www\/vhosts\/hopeful-payne.82-165-171-139.plesk.page\/httpdocs\/wp-content\/plugins\/seo-by-rank-math\/assets\/admin\/img\/icon-gif.png","position":"middle_center"}},"defautOgImage":"https:\/\/hopeful-payne.82-165-171-139.plesk.page\/wp-content\/plugins\/seo-by-rank-math\/assets\/admin\/img\/social-placeholder.jpg","customPermalinks":true,"isUserRegistered":false,"autoSuggestKeywords":false,"connectSiteUrl":"https:\/\/rankmath.com\/auth?site=https%3A%2F%2Fhopeful-payne.82-165-171-139.plesk.page%2Fpt-pt%2F&r=https%3A%2F%2Fhopeful-payne.82-165-171-139.plesk.page%2Fpt-pt%2Fwp-json%2Fwp%2Fv2%2Fpages%2F6959%3Fnonce%3D7bc1e4a703","maxTags":5,"trendsIcon":"<svg viewBox=\"0 0 610 610\"><path d=\"M18.85,446,174.32,290.48l58.08,58.08L76.93,504a14.54,14.54,0,0,1-20.55,0L18.83,466.48a14.54,14.54,0,0,1,0-20.55Z\" style=\"fill:#4285f4\"\/><path d=\"M242.65,242.66,377.59,377.6l-47.75,47.75a14.54,14.54,0,0,1-20.55,0L174.37,290.43l47.75-47.75A14.52,14.52,0,0,1,242.65,242.66Z\" style=\"fill:#ea4335\"\/><polygon points=\"319.53 319.53 479.26 159.8 537.34 217.88 377.61 377.62 319.53 319.53\" style=\"fill:#fabb05\"\/><path d=\"M594.26,262.73V118.61h0a16.94,16.94,0,0,0-16.94-16.94H433.2a16.94,16.94,0,0,0-12,28.92L565.34,274.71h0a16.94,16.94,0,0,0,28.92-12Z\" style=\"fill:#34a853\"\/><rect width=\"610\" height=\"610\" style=\"fill:none\"\/><\/svg>","showScore":true,"siteFavIcon":"https:\/\/hopeful-payne.82-165-171-139.plesk.page\/wp-content\/uploads\/2022\/10\/cropped-android-chrome-512x512-1-32x32.png","canUser":{"general":false,"advanced":false,"snippet":false,"social":false,"analysis":false,"analytics":false,"content_ai":false},"showKeywordIntent":true,"isPro":false,"is_front_page":false,"trendsUpgradeLink":"https:\/\/rankmath.com\/pricing\/?utm_source=Plugin&utm_medium=CE%20General%20Tab%20Trends&utm_campaign=WP","trendsUpgradeLabel":"Upgrade","trendsPreviewImage":"https:\/\/hopeful-payne.82-165-171-139.plesk.page\/wp-content\/plugins\/seo-by-rank-math\/assets\/admin\/img\/trends-preview.jpg","currentEditor":false,"homepageData":{"assessor":{"powerWords":[],"diacritics":true,"researchesTests":["contentHasTOC","contentHasShortParagraphs","contentHasAssets","keywordInTitle","keywordInMetaDescription","keywordInPermalink","keywordIn10Percent","keywordInContent","keywordInSubheadings","keywordInImageAlt","keywordDensity","keywordNotUsed","lengthContent","lengthPermalink","linksHasInternal","linksHasExternals","linksNotAllExternals","titleStartWithKeyword","titleSentiment","titleHasPowerWords","titleHasNumber","hasContentAI"],"hasBreadcrumb":true,"serpData":{"title":"%sitename% %page% %sep% %sitedesc%","description":"","titleTemplate":"%sitename% %page% %sep% %sitedesc%","descriptionTemplate":"","focusKeywords":"","breadcrumbTitle":"Inicio","robots":{"index":true},"advancedRobots":[],"facebookTitle":"","facebookDescription":"","facebookImage":"","facebookImageID":""}}},"tocTitle":"Tabla de contenidos","tocExcludeHeadings":[],"listStyle":"div"},"_links":{"self":[{"href":"https:\/\/hopeful-payne.82-165-171-139.plesk.page\/pt-pt\/wp-json\/wp\/v2\/pages\/6959","targetHints":{"allow":["GET"]}}],"collection":[{"href":"https:\/\/hopeful-payne.82-165-171-139.plesk.page\/pt-pt\/wp-json\/wp\/v2\/pages"}],"about":[{"href":"https:\/\/hopeful-payne.82-165-171-139.plesk.page\/pt-pt\/wp-json\/wp\/v2\/types\/page"}],"author":[{"embeddable":true,"href":"https:\/\/hopeful-payne.82-165-171-139.plesk.page\/pt-pt\/wp-json\/wp\/v2\/users\/3"}],"replies":[{"embeddable":true,"href":"https:\/\/hopeful-payne.82-165-171-139.plesk.page\/pt-pt\/wp-json\/wp\/v2\/comments?post=6959"}],"version-history":[{"count":5,"href":"https:\/\/hopeful-payne.82-165-171-139.plesk.page\/pt-pt\/wp-json\/wp\/v2\/pages\/6959\/revisions"}],"predecessor-version":[{"id":6964,"href":"https:\/\/hopeful-payne.82-165-171-139.plesk.page\/pt-pt\/wp-json\/wp\/v2\/pages\/6959\/revisions\/6964"}],"wp:attachment":[{"href":"https:\/\/hopeful-payne.82-165-171-139.plesk.page\/pt-pt\/wp-json\/wp\/v2\/media?parent=6959"}],"curies":[{"name":"wp","href":"https:\/\/api.w.org\/{rel}","templated":true}]}}